{"id":19178,"date":"2021-06-02T12:22:43","date_gmt":"2021-06-02T18:22:43","guid":{"rendered":"https:\/\/www.ccasa.org\/?post_type=product&#038;p=19178"},"modified":"2025-07-24T09:10:15","modified_gmt":"2025-07-24T15:10:15","slug":"understanding-unwanted-sexual-experiences-brochure","status":"publish","type":"product","link":"https:\/\/ccasa.org\/es\/product\/understanding-unwanted-sexual-experiences-brochure\/","title":{"rendered":"Understanding Unwanted Sexual Experiences brochure"},"content":{"rendered":"","protected":false},"excerpt":{"rendered":"<p>Sexual assault is any unwanted sexual experience. It is most often inflicted upon victims through the use of force, threats, manipulation or coercion.<\/p>\n<p>La agresi\u00f3n sexual es cualquier experiencia sexual no deseada. La mayor\u00eda de las veces se comete en contra de la v\u00edctima mediante el uso de la fuerza, amenazas, manipulaci\u00f3n o coacci\u00f3n.<\/p>\n<div class=\"woo-extra-box\"><strong>Choose from Downloadable File or Hardcopy.<\/strong><br \/>\nFor Hardcopies, quantities of 1 \u2013 9 are $1.50 each, and quantities of 10 or more (bundles) are $1.00 each.<\/div>\n<p><strong>Note: This publication is free to CCASA members. Please use the coupon code given to CCASA members at checkout.<\/strong> <\/p>\n<p class=\"read-more-container\"><a class=\"button\" href=\"https:\/\/ccasa.org\/es\/product\/understanding-unwanted-sexual-experiences-brochure\/\">Lee mas<\/a><\/p>\n","protected":false},"featured_media":19264,"template":"","meta":{"_acf_changed":false},"product_brand":[],"product_cat":[609,599],"product_tag":[],"class_list":{"0":"post-19178","1":"product","2":"type-product","3":"status-publish","4":"has-post-thumbnail","6":"product_cat-brochure","7":"product_cat-publications","8":"resize-featured-image","10":"first","11":"instock","12":"shipping-taxable","13":"purchasable","14":"product-type-variable"},"acf":[],"yoast_head":"<!-- This site is optimized with the Yoast SEO plugin v27.4 - https:\/\/yoast.com\/product\/yoast-seo-wordpress\/ -->\n<title>Understanding Unwanted Sexual Experiences brochure - Colorado Coalition Against Sexual Assault<\/title>\n<meta name=\"robots\" content=\"index, follow, max-snippet:-1, max-image-preview:large, max-video-preview:-1\" \/>\n<link rel=\"canonical\" href=\"https:\/\/ccasa.org\/product\/understanding-unwanted-sexual-experiences-brochure\/\" \/>\n<meta property=\"og:locale\" content=\"es_ES\" \/>\n<meta property=\"og:type\" content=\"article\" \/>\n<meta property=\"og:title\" content=\"Understanding Unwanted Sexual Experiences brochure - Colorado Coalition Against Sexual Assault\" \/>\n<meta property=\"og:description\" content=\"Sexual assault is any unwanted sexual experience. It is most often inflicted upon victims through the use of force, threats, manipulation or coercion.  La agresi\u00f3n sexual es cualquier experiencia sexual no deseada. La mayor\u00eda de las veces se comete en contra de la v\u00edctima mediante el uso de la fuerza, amenazas, manipulaci\u00f3n o coacci\u00f3n. Choose from Downloadable File or Hardcopy. For Hardcopies, quantities of 1 \u2013 9 are $1.50 each, and quantities of 10 or more (bundles) are $1.00 each. Note: This publication is free to CCASA members. Please use the coupon code given to CCASA members at checkout. Lee mas\" \/>\n<meta property=\"og:url\" content=\"https:\/\/ccasa.org\/product\/understanding-unwanted-sexual-experiences-brochure\/\" \/>\n<meta property=\"og:site_name\" content=\"Colorado Coalition Against Sexual Assault\" \/>\n<meta property=\"article:modified_time\" content=\"2025-07-24T15:10:15+00:00\" \/>\n<meta property=\"og:image\" content=\"https:\/\/ccasa.org\/wp-content\/uploads\/2021\/06\/CCASA-USE-English-Thumbanail.jpg\" \/>\n\t<meta property=\"og:image:width\" content=\"400\" \/>\n\t<meta property=\"og:image:height\" content=\"400\" \/>\n\t<meta property=\"og:image:type\" content=\"image\/jpeg\" \/>\n<meta name=\"twitter:card\" content=\"summary_large_image\" \/>\n<meta name=\"twitter:label1\" content=\"Tiempo de lectura\" \/>\n\t<meta name=\"twitter:data1\" content=\"1 minuto\" \/>\n<script type=\"application\/ld+json\" class=\"yoast-schema-graph\">{\"@context\":\"https:\\\/\\\/schema.org\",\"@graph\":[{\"@type\":\"WebPage\",\"@id\":\"https:\\\/\\\/ccasa.org\\\/product\\\/understanding-unwanted-sexual-experiences-brochure\\\/\",\"url\":\"https:\\\/\\\/ccasa.org\\\/product\\\/understanding-unwanted-sexual-experiences-brochure\\\/\",\"name\":\"Understanding Unwanted Sexual Experiences brochure - Colorado Coalition Against Sexual Assault\",\"isPartOf\":{\"@id\":\"https:\\\/\\\/ccasa.org\\\/#website\"},\"primaryImageOfPage\":{\"@id\":\"https:\\\/\\\/ccasa.org\\\/product\\\/understanding-unwanted-sexual-experiences-brochure\\\/#primaryimage\"},\"image\":{\"@id\":\"https:\\\/\\\/ccasa.org\\\/product\\\/understanding-unwanted-sexual-experiences-brochure\\\/#primaryimage\"},\"thumbnailUrl\":\"https:\\\/\\\/ccasa.org\\\/wp-content\\\/uploads\\\/2021\\\/06\\\/CCASA-USE-English-Thumbanail.jpg\",\"datePublished\":\"2021-06-02T18:22:43+00:00\",\"dateModified\":\"2025-07-24T15:10:15+00:00\",\"breadcrumb\":{\"@id\":\"https:\\\/\\\/ccasa.org\\\/product\\\/understanding-unwanted-sexual-experiences-brochure\\\/#breadcrumb\"},\"inLanguage\":\"es\",\"potentialAction\":[{\"@type\":\"ReadAction\",\"target\":[\"https:\\\/\\\/ccasa.org\\\/product\\\/understanding-unwanted-sexual-experiences-brochure\\\/\"]}]},{\"@type\":\"ImageObject\",\"inLanguage\":\"es\",\"@id\":\"https:\\\/\\\/ccasa.org\\\/product\\\/understanding-unwanted-sexual-experiences-brochure\\\/#primaryimage\",\"url\":\"https:\\\/\\\/ccasa.org\\\/wp-content\\\/uploads\\\/2021\\\/06\\\/CCASA-USE-English-Thumbanail.jpg\",\"contentUrl\":\"https:\\\/\\\/ccasa.org\\\/wp-content\\\/uploads\\\/2021\\\/06\\\/CCASA-USE-English-Thumbanail.jpg\",\"width\":400,\"height\":400,\"caption\":\"USE Image\"},{\"@type\":\"BreadcrumbList\",\"@id\":\"https:\\\/\\\/ccasa.org\\\/product\\\/understanding-unwanted-sexual-experiences-brochure\\\/#breadcrumb\",\"itemListElement\":[{\"@type\":\"ListItem\",\"position\":1,\"name\":\"Home\",\"item\":\"https:\\\/\\\/ccasa.org\\\/es\\\/\"},{\"@type\":\"ListItem\",\"position\":2,\"name\":\"Shop\",\"item\":\"https:\\\/\\\/ccasa.org\\\/shop\\\/\"},{\"@type\":\"ListItem\",\"position\":3,\"name\":\"Understanding Unwanted Sexual Experiences brochure\"}]},{\"@type\":\"WebSite\",\"@id\":\"https:\\\/\\\/ccasa.org\\\/#website\",\"url\":\"https:\\\/\\\/ccasa.org\\\/\",\"name\":\"Colorado Coalition Against Sexual Assault\",\"description\":\"\",\"publisher\":{\"@id\":\"https:\\\/\\\/ccasa.org\\\/#organization\"},\"potentialAction\":[{\"@type\":\"SearchAction\",\"target\":{\"@type\":\"EntryPoint\",\"urlTemplate\":\"https:\\\/\\\/ccasa.org\\\/?s={search_term_string}\"},\"query-input\":{\"@type\":\"PropertyValueSpecification\",\"valueRequired\":true,\"valueName\":\"search_term_string\"}}],\"inLanguage\":\"es\"},{\"@type\":\"Organization\",\"@id\":\"https:\\\/\\\/ccasa.org\\\/#organization\",\"name\":\"Colorado Coalition Against Sexual Assault (CCASA)\",\"url\":\"https:\\\/\\\/ccasa.org\\\/\",\"logo\":{\"@type\":\"ImageObject\",\"inLanguage\":\"es\",\"@id\":\"https:\\\/\\\/ccasa.org\\\/#\\\/schema\\\/logo\\\/image\\\/\",\"url\":\"https:\\\/\\\/www.ccasa.org\\\/wp-content\\\/uploads\\\/2018\\\/05\\\/ccasa-logo-large_png.png\",\"contentUrl\":\"https:\\\/\\\/www.ccasa.org\\\/wp-content\\\/uploads\\\/2018\\\/05\\\/ccasa-logo-large_png.png\",\"width\":1920,\"height\":1080,\"caption\":\"Colorado Coalition Against Sexual Assault (CCASA)\"},\"image\":{\"@id\":\"https:\\\/\\\/ccasa.org\\\/#\\\/schema\\\/logo\\\/image\\\/\"}}]}<\/script>\n<!-- \/ Yoast SEO plugin. -->","yoast_head_json":{"title":"Understanding Unwanted Sexual Experiences brochure - Colorado Coalition Against Sexual Assault","robots":{"index":"index","follow":"follow","max-snippet":"max-snippet:-1","max-image-preview":"max-image-preview:large","max-video-preview":"max-video-preview:-1"},"canonical":"https:\/\/ccasa.org\/product\/understanding-unwanted-sexual-experiences-brochure\/","og_locale":"es_ES","og_type":"article","og_title":"Understanding Unwanted Sexual Experiences brochure - Colorado Coalition Against Sexual Assault","og_description":"Sexual assault is any unwanted sexual experience. It is most often inflicted upon victims through the use of force, threats, manipulation or coercion.  La agresi\u00f3n sexual es cualquier experiencia sexual no deseada. La mayor\u00eda de las veces se comete en contra de la v\u00edctima mediante el uso de la fuerza, amenazas, manipulaci\u00f3n o coacci\u00f3n. Choose from Downloadable File or Hardcopy. For Hardcopies, quantities of 1 \u2013 9 are $1.50 each, and quantities of 10 or more (bundles) are $1.00 each. Note: This publication is free to CCASA members. Please use the coupon code given to CCASA members at checkout. Lee mas","og_url":"https:\/\/ccasa.org\/product\/understanding-unwanted-sexual-experiences-brochure\/","og_site_name":"Colorado Coalition Against Sexual Assault","article_modified_time":"2025-07-24T15:10:15+00:00","og_image":[{"width":400,"height":400,"url":"https:\/\/ccasa.org\/wp-content\/uploads\/2021\/06\/CCASA-USE-English-Thumbanail.jpg","type":"image\/jpeg"}],"twitter_card":"summary_large_image","twitter_misc":{"Tiempo de lectura":"1 minuto"},"schema":{"@context":"https:\/\/schema.org","@graph":[{"@type":"WebPage","@id":"https:\/\/ccasa.org\/product\/understanding-unwanted-sexual-experiences-brochure\/","url":"https:\/\/ccasa.org\/product\/understanding-unwanted-sexual-experiences-brochure\/","name":"Understanding Unwanted Sexual Experiences brochure - Colorado Coalition Against Sexual Assault","isPartOf":{"@id":"https:\/\/ccasa.org\/#website"},"primaryImageOfPage":{"@id":"https:\/\/ccasa.org\/product\/understanding-unwanted-sexual-experiences-brochure\/#primaryimage"},"image":{"@id":"https:\/\/ccasa.org\/product\/understanding-unwanted-sexual-experiences-brochure\/#primaryimage"},"thumbnailUrl":"https:\/\/ccasa.org\/wp-content\/uploads\/2021\/06\/CCASA-USE-English-Thumbanail.jpg","datePublished":"2021-06-02T18:22:43+00:00","dateModified":"2025-07-24T15:10:15+00:00","breadcrumb":{"@id":"https:\/\/ccasa.org\/product\/understanding-unwanted-sexual-experiences-brochure\/#breadcrumb"},"inLanguage":"es","potentialAction":[{"@type":"ReadAction","target":["https:\/\/ccasa.org\/product\/understanding-unwanted-sexual-experiences-brochure\/"]}]},{"@type":"ImageObject","inLanguage":"es","@id":"https:\/\/ccasa.org\/product\/understanding-unwanted-sexual-experiences-brochure\/#primaryimage","url":"https:\/\/ccasa.org\/wp-content\/uploads\/2021\/06\/CCASA-USE-English-Thumbanail.jpg","contentUrl":"https:\/\/ccasa.org\/wp-content\/uploads\/2021\/06\/CCASA-USE-English-Thumbanail.jpg","width":400,"height":400,"caption":"USE Image"},{"@type":"BreadcrumbList","@id":"https:\/\/ccasa.org\/product\/understanding-unwanted-sexual-experiences-brochure\/#breadcrumb","itemListElement":[{"@type":"ListItem","position":1,"name":"Home","item":"https:\/\/ccasa.org\/es\/"},{"@type":"ListItem","position":2,"name":"Shop","item":"https:\/\/ccasa.org\/shop\/"},{"@type":"ListItem","position":3,"name":"Understanding Unwanted Sexual Experiences brochure"}]},{"@type":"WebSite","@id":"https:\/\/ccasa.org\/#website","url":"https:\/\/ccasa.org\/","name":"Colorado Coalition Against Sexual Assault","description":"","publisher":{"@id":"https:\/\/ccasa.org\/#organization"},"potentialAction":[{"@type":"SearchAction","target":{"@type":"EntryPoint","urlTemplate":"https:\/\/ccasa.org\/?s={search_term_string}"},"query-input":{"@type":"PropertyValueSpecification","valueRequired":true,"valueName":"search_term_string"}}],"inLanguage":"es"},{"@type":"Organization","@id":"https:\/\/ccasa.org\/#organization","name":"Colorado Coalition Against Sexual Assault (CCASA)","url":"https:\/\/ccasa.org\/","logo":{"@type":"ImageObject","inLanguage":"es","@id":"https:\/\/ccasa.org\/#\/schema\/logo\/image\/","url":"https:\/\/www.ccasa.org\/wp-content\/uploads\/2018\/05\/ccasa-logo-large_png.png","contentUrl":"https:\/\/www.ccasa.org\/wp-content\/uploads\/2018\/05\/ccasa-logo-large_png.png","width":1920,"height":1080,"caption":"Colorado Coalition Against Sexual Assault (CCASA)"},"image":{"@id":"https:\/\/ccasa.org\/#\/schema\/logo\/image\/"}}]}},"_links":{"self":[{"href":"https:\/\/ccasa.org\/es\/wp-json\/wp\/v2\/product\/19178","targetHints":{"allow":["GET"]}}],"collection":[{"href":"https:\/\/ccasa.org\/es\/wp-json\/wp\/v2\/product"}],"about":[{"href":"https:\/\/ccasa.org\/es\/wp-json\/wp\/v2\/types\/product"}],"wp:featuredmedia":[{"embeddable":true,"href":"https:\/\/ccasa.org\/es\/wp-json\/wp\/v2\/media\/19264"}],"wp:attachment":[{"href":"https:\/\/ccasa.org\/es\/wp-json\/wp\/v2\/media?parent=19178"}],"wp:term":[{"taxonomy":"product_brand","embeddable":true,"href":"https:\/\/ccasa.org\/es\/wp-json\/wp\/v2\/product_brand?post=19178"},{"taxonomy":"product_cat","embeddable":true,"href":"https:\/\/ccasa.org\/es\/wp-json\/wp\/v2\/product_cat?post=19178"},{"taxonomy":"product_tag","embeddable":true,"href":"https:\/\/ccasa.org\/es\/wp-json\/wp\/v2\/product_tag?post=19178"}],"curies":[{"name":"wp","href":"https:\/\/api.w.org\/{rel}","templated":true}]}}